{"id":60,"date":"2024-10-25T17:37:31","date_gmt":"2024-10-25T15:37:31","guid":{"rendered":"http:\/\/localhost\/?page_id=60"},"modified":"2026-02-19T12:17:35","modified_gmt":"2026-02-19T10:17:35","slug":"homepage","status":"publish","type":"page","link":"https:\/\/kinofauna.com\/lv\/","title":{"rendered":"KINO FAUNA &#8211; profesion\u0101la dz\u012bvnieku kastinga a\u0123ent\u016bra"},"content":{"rendered":"<p>K\u0101 specializ\u0113ta dz\u012bvnieku kastinga a\u0123ent\u016bra, m\u0113s nodro\u0161in\u0101m ne tikai lab\u0101kos talantus, bet ar\u012b pilnu servisu, lai film\u0113\u0161anas process b\u016btu dro\u0161s, paredzams un pat\u012bkams vis\u0101m iesaist\u012btaj\u0101m pus\u0113m.<\/p>\n\n\n\n<p>M\u0113s ticam, ka veiksm\u012bga sadarb\u012bba s\u0101kas jau pirms pa\u0161as film\u0113\u0161anas vai fotosesijas. T\u0101p\u0113c esam uztic\u012bgi blakus visos posmos:<\/p>\n\n\n\n<div class=\"wp-block-group is-nowrap is-layout-flex wp-container-core-group-is-layout-1 wp-block-group-is-layout-flex\">\n<ul class=\"wp-block-list\">\n<li><strong>Prec\u012bza atlase (Kastings)<\/strong>: Pied\u0101v\u0101jam piek\u013cuvi m\u016bsu pla\u0161ajai talantu datub\u0101zei, piemekl\u0113jot tie\u0161i j\u016bsu scen\u0101rijam un est\u0113tikai atbilsto\u0161\u0101ko dz\u012bvnieku.<\/li>\n\n\n\n<li><strong>Profesion\u0101ls &#8220;hendlings&#8221; uz laukuma<\/strong>: M\u016bsu speci\u0101listi nodro\u0161ina dz\u012bvnieku vad\u012bbu film\u0113\u0161anas vai fotosesijas laik\u0101, garant\u0113jot mier\u012bgu darba gaitu un prec\u012bzu uzdevumu izpildi.<\/li>\n\n\n\n<li><strong>Sagatavo\u0161ana un tren\u0113\u0161ana<\/strong>: Ja scen\u0101rij\u0101 paredz\u0113ta specifiska darb\u012bba, m\u0113s sagatavojam dz\u012bvnieku tie\u0161i \u0161ai ainai, lai dub\u013cu skaits b\u016btu minim\u0101ls, bet rezult\u0101ts \u2013 maksim\u0101ls.<\/li>\n\n\n\n<li><strong>Dro\u0161\u012bba pirmaj\u0101 viet\u0101<\/strong>: Sagatavojam riska nov\u0113rt\u0113jumus un r\u016bp\u0113jamies par visu dro\u0161\u012bbas standartu iev\u0113ro\u0161anu, lai pasarg\u0101tu gan dz\u012bvnieku, gan komandu.<\/li>\n\n\n\n<li><strong>Lo\u0123istika<\/strong>: Nodro\u0161in\u0101m pilnu dz\u012bvnieku transport\u0113\u0161anu un nepiecie\u0161amos apst\u0101k\u013cus uz vietas.<\/li>\n\n\n\n<li><strong>Konsult\u0101cijas un pl\u0101no\u0161ana<\/strong>: Labpr\u0101t piesl\u0113dzamies jau scen\u0101rija apsprie\u0161anas posm\u0101. Pal\u012bdz\u0113sim saprast, kas ir tehniski iesp\u0113jams, k\u0101 optimiz\u0113t ainas un k\u0101 sasniegt lab\u0101ko rezult\u0101tu rado\u0161i un efekt\u012bvi.<\/li>\n<\/ul>\n\n\n\n<figure class=\"wp-block-image size-large\"><img loading=\"lazy\" decoding=\"async\" width=\"768\" height=\"1024\" src=\"https:\/\/kinofauna.com\/wp-content\/uploads\/2026\/02\/Mozart-vecriga_Otello-web-768x1024.jpg\" alt=\"\" class=\"wp-image-1063\" srcset=\"https:\/\/kinofauna.com\/wp-content\/uploads\/2026\/02\/Mozart-vecriga_Otello-web-768x1024.jpg 768w, https:\/\/kinofauna.com\/wp-content\/uploads\/2026\/02\/Mozart-vecriga_Otello-web-225x300.jpg 225w, https:\/\/kinofauna.com\/wp-content\/uploads\/2026\/02\/Mozart-vecriga_Otello-web-1152x1536.jpg 1152w, https:\/\/kinofauna.com\/wp-content\/uploads\/2026\/02\/Mozart-vecriga_Otello-web-1536x2048.jpg 1536w, https:\/\/kinofauna.com\/wp-content\/uploads\/2026\/02\/Mozart-vecriga_Otello-web-9x12.jpg 9w, https:\/\/kinofauna.com\/wp-content\/uploads\/2026\/02\/Mozart-vecriga_Otello-web-600x800.jpg 600w, https:\/\/kinofauna.com\/wp-content\/uploads\/2026\/02\/Mozart-vecriga_Otello-web-scaled.jpg 1920w\" sizes=\"auto, (max-width: 768px) 100vw, 768px\" \/><\/figure>\n<\/div>\n\n\n\n<p>Seko m\u016bsu jaunajiem talantiem!<br>Ieskaties un iepaz\u012bsti m\u016bsu aktierus un iedvesmojies n\u0101kamajiem darbiem m\u016bsu Instagram profil\u0101.<\/p>\n\n\n\n<blockquote class=\"instagram-media\" data-instgrm-permalink=\"https:\/\/www.instagram.com\/kinofauna\/\" data-instgrm-version=\"12\" style=\" background:#FFF; border:0; border-radius:3px; box-shadow:0 0 1px 0 rgba(0,0,0,0.5),0 1px 10px 0 rgba(0,0,0,0.15); margin: 1px; max-width:540px; min-width:326px; padding:0; width:99.375%; width:undefinedpx;height:undefinedpx;max-height:100%; width:undefinedpx;\"><div style=\"padding:16px;\"> <a id=\"main_link\" href=\"\/lv\/kinofauna\/\" style=\" background:#FFFFFF; line-height:0; padding:0 0; text-align:center; text-decoration:none; width:100%;\" target=\"_blank\"> <div style=\" display: flex; flex-direction: row; align-items: center;\"> <div style=\"background-color: #F4F4F4; border-radius: 50%; flex-grow: 0; height: 40px; margin-right: 14px; width: 40px;\"><\/div> <div style=\"display: flex; flex-direction: column; flex-grow: 1; justify-content: center;\"> <div style=\" background-color: #F4F4F4; border-radius: 4px; flex-grow: 0; height: 14px; margin-bottom: 6px; width: 100px;\"><\/div> <div style=\" background-color: #F4F4F4; border-radius: 4px; flex-grow: 0; height: 14px; width: 60px;\"><\/div><\/div><\/div><div style=\"padding: 19% 0;\"><\/div> <div style=\"display:block; height:50px; margin:0 auto 12px; width:50px;\"><svg width=\"50px\" height=\"50px\" viewbox=\"0 0 60 60\" version=\"1.1\" xmlns=\"https:\/\/www.w3.org\/2000\/svg\" xmlns:xlink=\"https:\/\/www.w3.org\/1999\/xlink\"><g stroke=\"none\" stroke-width=\"1\" fill=\"none\" fill-rule=\"evenodd\"><g transform=\"translate(-511.000000, -20.000000)\" fill=\"#000000\"><g><path d=\"M556.869,30.41 C554.814,30.41 553.148,32.076 553.148,34.131 C553.148,36.186 554.814,37.852 556.869,37.852 C558.924,37.852 560.59,36.186 560.59,34.131 C560.59,32.076 558.924,30.41 556.869,30.41 M541,60.657 C535.114,60.657 530.342,55.887 530.342,50 C530.342,44.114 535.114,39.342 541,39.342 C546.887,39.342 551.658,44.114 551.658,50 C551.658,55.887 546.887,60.657 541,60.657 M541,33.886 C532.1,33.886 524.886,41.1 524.886,50 C524.886,58.899 532.1,66.113 541,66.113 C549.9,66.113 557.115,58.899 557.115,50 C557.115,41.1 549.9,33.886 541,33.886 M565.378,62.101 C565.244,65.022 564.756,66.606 564.346,67.663 C563.803,69.06 563.154,70.057 562.106,71.106 C561.058,72.155 560.06,72.803 558.662,73.347 C557.607,73.757 556.021,74.244 553.102,74.378 C549.944,74.521 548.997,74.552 541,74.552 C533.003,74.552 532.056,74.521 528.898,74.378 C525.979,74.244 524.393,73.757 523.338,73.347 C521.94,72.803 520.942,72.155 519.894,71.106 C518.846,70.057 518.197,69.06 517.654,67.663 C517.244,66.606 516.755,65.022 516.623,62.101 C516.479,58.943 516.448,57.996 516.448,50 C516.448,42.003 516.479,41.056 516.623,37.899 C516.755,34.978 517.244,33.391 517.654,32.338 C518.197,30.938 518.846,29.942 519.894,28.894 C520.942,27.846 521.94,27.196 523.338,26.654 C524.393,26.244 525.979,25.756 528.898,25.623 C532.057,25.479 533.004,25.448 541,25.448 C548.997,25.448 549.943,25.479 553.102,25.623 C556.021,25.756 557.607,26.244 558.662,26.654 C560.06,27.196 561.058,27.846 562.106,28.894 C563.154,29.942 563.803,30.938 564.346,32.338 C564.756,33.391 565.244,34.978 565.378,37.899 C565.522,41.056 565.552,42.003 565.552,50 C565.552,57.996 565.522,58.943 565.378,62.101 M570.82,37.631 C570.674,34.438 570.167,32.258 569.425,30.349 C568.659,28.377 567.633,26.702 565.965,25.035 C564.297,23.368 562.623,22.342 560.652,21.575 C558.743,20.834 556.562,20.326 553.369,20.18 C550.169,20.033 549.148,20 541,20 C532.853,20 531.831,20.033 528.631,20.18 C525.438,20.326 523.257,20.834 521.349,21.575 C519.376,22.342 517.703,23.368 516.035,25.035 C514.368,26.702 513.342,28.377 512.574,30.349 C511.834,32.258 511.326,34.438 511.181,37.631 C511.035,40.831 511,41.851 511,50 C511,58.147 511.035,59.17 511.181,62.369 C511.326,65.562 511.834,67.743 512.574,69.651 C513.342,71.625 514.368,73.296 516.035,74.965 C517.703,76.634 519.376,77.658 521.349,78.425 C523.257,79.167 525.438,79.673 528.631,79.82 C531.831,79.965 532.853,80.001 541,80.001 C549.148,80.001 550.169,79.965 553.369,79.82 C556.562,79.673 558.743,79.167 560.652,78.425 C562.623,77.658 564.297,76.634 565.965,74.965 C567.633,73.296 568.659,71.625 569.425,69.651 C570.167,67.743 570.674,65.562 570.82,62.369 C570.966,59.17 571,58.147 571,50 C571,41.851 570.966,40.831 570.82,37.631\"><\/path><\/g><\/g><\/g><\/svg><\/div><div style=\"padding-top: 8px;\"> <div style=\" color:#3897f0; font-family:Arial,sans-serif; font-size:14px; font-style:normal; font-weight:550; line-height:18px;\"> View this post on Instagram<\/div><\/div><div style=\"padding: 12.5% 0;\"><\/div> <div style=\"display: flex; flex-direction: row; margin-bottom: 14px; align-items: center;\"><div> <div style=\"background-color: #F4F4F4; border-radius: 50%; height: 12.5px; width: 12.5px; transform: translateX(0px) translateY(7px);\"><\/div> <div style=\"background-color: #F4F4F4; height: 12.5px; transform: rotate(-45deg) translateX(3px) translateY(1px); width: 12.5px; flex-grow: 0; margin-right: 14px; margin-left: 2px;\"><\/div> <div style=\"background-color: #F4F4F4; border-radius: 50%; height: 12.5px; width: 12.5px; transform: translateX(9px) translateY(-18px);\"><\/div><\/div><div style=\"margin-left: 8px;\"> <div style=\" background-color: #F4F4F4; border-radius: 50%; flex-grow: 0; height: 20px; width: 20px;\"><\/div> <div style=\" width: 0; height: 0; border-top: 2px solid transparent; border-left: 6px solid #f4f4f4; border-bottom: 2px solid transparent; transform: translateX(16px) translateY(-4px) rotate(30deg)\"><\/div><\/div><div style=\"margin-left: auto;\"> <div style=\" width: 0px; border-top: 8px solid #F4F4F4; border-right: 8px solid transparent; transform: translateY(16px);\"><\/div> <div style=\" background-color: #F4F4F4; flex-grow: 0; height: 12px; width: 16px; transform: translateY(-4px);\"><\/div> <div style=\" width: 0; height: 0; border-top: 8px solid #F4F4F4; border-left: 8px solid transparent; transform: translateY(-4px) translateX(8px);\"><\/div><\/div><\/div> <div style=\"display: flex; flex-direction: column; flex-grow: 1; justify-content: center; margin-bottom: 24px;\"> <div style=\" background-color: #F4F4F4; border-radius: 4px; flex-grow: 0; height: 14px; margin-bottom: 6px; width: 224px;\"><\/div> <div style=\" background-color: #F4F4F4; border-radius: 4px; flex-grow: 0; height: 14px; width: 144px;\"><\/div><\/div><\/a><p style=\" color:#c9c8cd; font-family:Arial,sans-serif; font-size:14px; line-height:17px; margin-bottom:0; margin-top:8px; overflow:hidden; padding:8px 0 7px; text-align:center; text-overflow:ellipsis; white-space:nowrap;\"><a href=\"https:\/\/www.instagram.com\/kinofauna\/\/\" style=\" color:#c9c8cd; font-family:Arial,sans-serif; font-size:14px; font-style:normal; font-weight:normal; line-height:17px; text-decoration:none;\" target=\"_blank\">Shared post<\/a> on <time style=\" font-family:Arial,sans-serif; font-size:14px; line-height:17px;\">Time<\/time><\/p><\/div><\/blockquote><script async src=\"https:\/\/www.instagram.com\/embed.js\"><\/script><div style=\"overflow: auto; position: absolute; height: 0pt; width: 0pt;\"><a href=\"https:\/\/instaembedcode.com\/\">Instagram embed<\/a><\/div><\/div><style>.boxes3{height:175px;width:153px;} #n img{max-height:none!important;max-width:none!important;background:none!important} #inst i{max-height:none!important;max-width:none!important;background:none!important}<\/style><\/div>","protected":false},"excerpt":{"rendered":"<p>K\u0101 specializ\u0113ta dz\u012bvnieku kastinga a\u0123ent\u016bra, m\u0113s nodro\u0161in\u0101m ne tikai lab\u0101kos talantus, bet ar\u012b pilnu servisu, lai film\u0113\u0161anas process b\u016btu dro\u0161s, paredzams un pat\u012bkams vis\u0101m iesaist\u012btaj\u0101m pus\u0113m. M\u0113s ticam, ka veiksm\u012bga sadarb\u012bba s\u0101kas jau pirms pa\u0161as film\u0113\u0161anas vai fotosesijas. T\u0101p\u0113c esam uztic\u012bgi blakus visos posmos: Seko m\u016bsu jaunajiem talantiem!Ieskaties un iepaz\u012bsti m\u016bsu aktierus un iedvesmojies n\u0101kamajiem &hellip; <\/p>","protected":false},"author":1,"featured_media":0,"parent":0,"menu_order":0,"comment_status":"closed","ping_status":"closed","template":"","meta":{"footnotes":""},"class_list":["post-60","page","type-page","status-publish","hentry"],"_links":{"self":[{"href":"https:\/\/kinofauna.com\/lv\/wp-json\/wp\/v2\/pages\/60","targetHints":{"allow":["GET"]}}],"collection":[{"href":"https:\/\/kinofauna.com\/lv\/wp-json\/wp\/v2\/pages"}],"about":[{"href":"https:\/\/kinofauna.com\/lv\/wp-json\/wp\/v2\/types\/page"}],"author":[{"embeddable":true,"href":"https:\/\/kinofauna.com\/lv\/wp-json\/wp\/v2\/users\/1"}],"replies":[{"embeddable":true,"href":"https:\/\/kinofauna.com\/lv\/wp-json\/wp\/v2\/comments?post=60"}],"version-history":[{"count":15,"href":"https:\/\/kinofauna.com\/lv\/wp-json\/wp\/v2\/pages\/60\/revisions"}],"predecessor-version":[{"id":1076,"href":"https:\/\/kinofauna.com\/lv\/wp-json\/wp\/v2\/pages\/60\/revisions\/1076"}],"wp:attachment":[{"href":"https:\/\/kinofauna.com\/lv\/wp-json\/wp\/v2\/media?parent=60"}],"curies":[{"name":"wp","href":"https:\/\/api.w.org\/{rel}","templated":true}]}}